{"id":541,"date":"2011-04-28T23:06:47","date_gmt":"2011-04-28T21:06:47","guid":{"rendered":"http:\/\/www.expeditionsnews.ch\/v3\/?page_id=541"},"modified":"2011-05-26T15:15:42","modified_gmt":"2011-05-26T13:15:42","slug":"bergfuhrer-aspirant","status":"publish","type":"page","link":"https:\/\/www.expeditionsnews.ch\/v3\/?page_id=541","title":{"rendered":"Bergf\u00fchrer-Aspirant"},"content":{"rendered":"<p>Seit Jahren unternehme ich regelm\u00e4ssig Expeditionen ins Ausland. Die hohen Gipfel des Karakorums als auch die Granitriesen Patagoniens haben es mir angetan. Immer wieder spielte ich in dieser Zeit aber auch mit dem Gedanken, Bergf\u00fchrer zu werden, um meine Ziele mit fundiertem Wissen und einer guten Ausbildung besser angehen zu k\u00f6nnen. So konzentrierte ich mich im 2010 Jahr vollumf\u00e4nglich auf meine Ausbildung zum Bergf\u00fchrer. Nun habe ich die verschiedenen Kursmodule mit Erfolg abgeschlossen und freue mich auf meinen Einsatz und die vielen neuen Erfahrungen als Bergf\u00fchrer-Aspirant. Einen \u00dcberblick f\u00fcr mein Wissen und meine Erfahrung den G\u00e4sten weiter zu geben findet Ihr weiter unten.<\/p>\n","protected":false},"excerpt":{"rendered":"<p>Seit Jahren unternehme ich regelm\u00e4ssig Expeditionen ins Ausland. Die hohen Gipfel des Karakorums als auch die Granitriesen Patagoniens haben es mir angetan. Immer wieder spielte ich in dieser Zeit aber auch mit dem Gedanken, Bergf\u00fchrer zu werden, um meine Ziele mit fundiertem Wissen und einer guten Ausbildung besser angehen zu k\u00f6nnen. So konzentrierte ich mich [&hellip;]<\/p>\n","protected":false},"author":2,"featured_media":0,"parent":0,"menu_order":0,"comment_status":"closed","ping_status":"closed","template":"","meta":{"ngg_post_thumbnail":0,"jetpack_post_was_ever_published":false,"footnotes":""},"jetpack_shortlink":"https:\/\/wp.me\/PLqZl-8J","jetpack_sharing_enabled":true,"_links":{"self":[{"href":"https:\/\/www.expeditionsnews.ch\/v3\/index.php?rest_route=\/wp\/v2\/pages\/541"}],"collection":[{"href":"https:\/\/www.expeditionsnews.ch\/v3\/index.php?rest_route=\/wp\/v2\/pages"}],"about":[{"href":"https:\/\/www.expeditionsnews.ch\/v3\/index.php?rest_route=\/wp\/v2\/types\/page"}],"author":[{"embeddable":true,"href":"https:\/\/www.expeditionsnews.ch\/v3\/index.php?rest_route=\/wp\/v2\/users\/2"}],"replies":[{"embeddable":true,"href":"https:\/\/www.expeditionsnews.ch\/v3\/index.php?rest_route=%2Fwp%2Fv2%2Fcomments&post=541"}],"version-history":[{"count":7,"href":"https:\/\/www.expeditionsnews.ch\/v3\/index.php?rest_route=\/wp\/v2\/pages\/541\/revisions"}],"predecessor-version":[{"id":715,"href":"https:\/\/www.expeditionsnews.ch\/v3\/index.php?rest_route=\/wp\/v2\/pages\/541\/revisions\/715"}],"wp:attachment":[{"href":"https:\/\/www.expeditionsnews.ch\/v3\/index.php?rest_route=%2Fwp%2Fv2%2Fmedia&parent=541"}],"curies":[{"name":"wp","href":"https:\/\/api.w.org\/{rel}","templated":true}]}}