{"id":2,"date":"2009-09-04T10:27:37","date_gmt":"2009-09-04T08:27:37","guid":{"rendered":"http:\/\/localhost\/cediv3\/?page_id=2"},"modified":"2010-12-08T22:27:04","modified_gmt":"2010-12-08T21:27:04","slug":"about","status":"publish","type":"page","link":"https:\/\/www.expeditionsnews.ch\/v3\/?page_id=2","title":{"rendered":"Portrait"},"content":{"rendered":"<p style=\"text-align: justify;\"><span> <strong>Ob er schon mit dem  Eispickel in der Hand geboren wurde<\/strong> oder einfach die Liebe zu den Bergen von  den Eltern abgeschaut und \u00fcbernommen hat?<\/span><\/p>\n<dl id=\"attachment_29\" class=\"wp-caption alignleft\">\n<img loading=\"lazy\" decoding=\"async\" title=\"Cedric\" src=\"http:\/\/www.expeditionsnews.ch\/v3\/wp-content\/uploads\/2009\/09\/cedi2.png\" alt=\"Cedric am Slacklinen\" width=\"150\" height=\"100\" \/>\n<\/dl>\n<p style=\"text-align: justify;\">Trotz seines  Aargauer Wohnortes <strong>Hausen bei Brugg <\/strong>faszinierten ihn die Berge         schon als Kind.  Zuerst vergn\u00fcgte er sich auf Touren vom Ferienhaus aus rund um Zweisimmen, aber         schon bald erweiterte er sein Bet\u00e4tigungsfeld \u00fcber den gesamten schweizerischen  Alpenraum und sammelte          viel Erfahrung. Es dauerte nicht lange, bis er, der J\u00fcngste  dieser sportlich aktiven, bergbegeisterten          Familie, die F\u00fchrung und  Verantwortung f\u00fcr die Touren mit den Eltern und der Schwester auf die Gipfel           der Schweiz \u00fcbernahm oder gar die Mutter zum 55zigsten Geburtstag \u00fcber den  Nollen f\u00fchrte&#8230;.<\/p>\n<p style=\"text-align: justify;\">Nach bemerkenswerten  Leistungen wie der Durchsteigung der Alhambra in knapp 4 Stunden mit der Mutter       \twurden ihm die Grenzen der Schweiz zu eng, und es zog ihn f\u00fcr l\u00e4ngere Zeit nach  Bolivien und Peru.      \tDieses Schnuppern an Anspruchsvollem weckte die Lust nach  mehr. Von Tibet aus war er im 2003 am Shisha      \tPangma, 8013m, unterwegs, musste aber  kurz vor dem Gipfel umkehren. Zum Weihnachtsfest 03 bestieg er      \tmit der ganzen Familie  den h\u00f6chsten Berg S\u00fcdamerikas. Dreimal hintereinander stand er auf dem  Aconcagua,      \t6962m. Dieses H\u00f6hentraining bekam ihm gut und so schaffte er auf  einer von Kari Kobler geleiteten      \tExpedition im Sommer 04 als j\u00fcngster Schweizer  den m\u00e4chtigen K2, 8611m!               \t<strong>Pakistan<\/strong> scheint  es ihm angetan zu haben: Im Sommer 05 reiste er zum zweitenmal Richtung       \tIslamabad. Diesmal war das Ziel der unbestiegene K7-Westgipfel, dessen  abweisende Wand den k\u00fchnen      \tEroberern keine Chance gab, zumal auch die  Bewilligung vier Tage vor dem Abflug gestrichen worden war.      \tNichts desto trotz  kamen sie mit der Erstbesteigung des Farol nach Hause.<\/p>\n<p style=\"text-align: justify;\">Seinem flexiblen  Arbeitgeber ist es zu verdanken, dass er immer wieder die \u00dcberstunden als Landschaftsg\u00e4rtner       \tin zweimonatigen Urlaub umwandeln kann. Andere legen sich in die Sonne, Cedric  liebt die K\u00e4lte. Dies bewies      \ter auch in den eisigen Tagen Anfang Januar 2006,  als er alleine den Salbitwestgrat mit zwei Biwaks      \terkletterte (ein Teil der  Fingerhaut klebt heute noch dort\u2026.)<\/p>\n<dl id=\"attachment_31\" class=\"wp-caption alignleft\" style=\"width: 160px;\">\n<img loading=\"lazy\" decoding=\"async\" title=\"Cedric\" src=\"http:\/\/www.expeditionsnews.ch\/v3\/wp-content\/uploads\/2009\/09\/k2_abstieg.png\" alt=\"Cedric im K2 Abstieg\" width=\"150\" height=\"102\" \/>\n<\/dl>\n<p style=\"text-align: justify;\">Die Motivation  bleibt ungebremst und deshalb zieht es ihn auch diesen Sommer wieder in die  k\u00fchle H\u00f6he,      \tzum dritten Mal Richtung Pakistan. Mit Kari Kobler als Expeditionsleiter,  Hans Mitterer, Ueli Steck,      \tStefan Siegrist, Jan Schnidrig, Michael Leryen, Manuel Gonzalez und John Reeves gilt es, den      \tGasherbrum  II, 8035m, \u00fcber den Nordpfeiler erstzubesteigen. Das bedeutet f\u00fcr ihn  acht Wochen      \tfern von Zivilisation, Arbeit,  Familie, Freundin, der Schweiz und der Hitze des Sommers, ganz im Banne      \tder  h\u00f6chsten Berge.<\/p>\n<p style=\"text-align: center;\">Dazu w\u00fcnschen wir  Cedric vollen Erfolg und verfolgen gespannt seine weitern Pl\u00e4ne.<\/p>\n<p style=\"text-align: center;\"><em>Seraina Obrist,  Bern<br \/>\nMai 06<\/em><\/p>\n","protected":false},"excerpt":{"rendered":"<p>Ob er schon mit dem Eispickel in der Hand geboren wurde oder einfach die Liebe zu den Bergen von den Eltern abgeschaut und \u00fcbernommen hat? Trotz seines Aargauer Wohnortes Hausen bei Brugg faszinierten ihn die Berge schon als Kind. Zuerst vergn\u00fcgte er sich auf Touren vom Ferienhaus aus rund um Zweisimmen, aber schon bald erweiterte [&hellip;]<\/p>\n","protected":false},"author":3,"featured_media":0,"parent":0,"menu_order":0,"comment_status":"closed","ping_status":"closed","template":"","meta":{"ngg_post_thumbnail":0,"jetpack_post_was_ever_published":false,"footnotes":""},"jetpack_shortlink":"https:\/\/wp.me\/PLqZl-2","jetpack_sharing_enabled":true,"_links":{"self":[{"href":"https:\/\/www.expeditionsnews.ch\/v3\/index.php?rest_route=\/wp\/v2\/pages\/2"}],"collection":[{"href":"https:\/\/www.expeditionsnews.ch\/v3\/index.php?rest_route=\/wp\/v2\/pages"}],"about":[{"href":"https:\/\/www.expeditionsnews.ch\/v3\/index.php?rest_route=\/wp\/v2\/types\/page"}],"author":[{"embeddable":true,"href":"https:\/\/www.expeditionsnews.ch\/v3\/index.php?rest_route=\/wp\/v2\/users\/3"}],"replies":[{"embeddable":true,"href":"https:\/\/www.expeditionsnews.ch\/v3\/index.php?rest_route=%2Fwp%2Fv2%2Fcomments&post=2"}],"version-history":[{"count":18,"href":"https:\/\/www.expeditionsnews.ch\/v3\/index.php?rest_route=\/wp\/v2\/pages\/2\/revisions"}],"predecessor-version":[{"id":471,"href":"https:\/\/www.expeditionsnews.ch\/v3\/index.php?rest_route=\/wp\/v2\/pages\/2\/revisions\/471"}],"wp:attachment":[{"href":"https:\/\/www.expeditionsnews.ch\/v3\/index.php?rest_route=%2Fwp%2Fv2%2Fmedia&parent=2"}],"curies":[{"name":"wp","href":"https:\/\/api.w.org\/{rel}","templated":true}]}}